{"id":1458,"date":"2024-10-11T12:04:34","date_gmt":"2024-10-11T12:04:34","guid":{"rendered":"https:\/\/missioneurasiafield.org\/?page_id=1458"},"modified":"2024-10-11T12:08:57","modified_gmt":"2024-10-11T12:08:57","slug":"privacy-policy","status":"publish","type":"page","link":"https:\/\/missioneurasiafield.org\/ro\/privacy-policy\/","title":{"rendered":"Politica de confiden\u021bialitate"},"content":{"rendered":"<div data-elementor-type=\"wp-page\" data-elementor-id=\"1458\" class=\"elementor elementor-1458\" data-elementor-post-type=\"page\">\n\t\t\t\t<div class=\"elementor-element elementor-element-26e3838 e-flex e-con-boxed e-con e-parent\" data-id=\"26e3838\" data-element_type=\"container\" data-e-type=\"container\" data-settings=\"{&quot;background_background&quot;:&quot;classic&quot;}\">\n\t\t\t\t\t<div class=\"e-con-inner\">\n\t\t<div class=\"elementor-element elementor-element-6b5350f e-con-full e-flex e-con e-child\" data-id=\"6b5350f\" data-element_type=\"container\" data-e-type=\"container\">\n\t\t\t\t<div class=\"elementor-element elementor-element-d506c93 elementor-widget elementor-widget-heading\" data-id=\"d506c93\" data-element_type=\"widget\" data-e-type=\"widget\" data-widget_type=\"heading.default\">\n\t\t\t\t<div class=\"elementor-widget-container\">\n\t\t\t\t\t<h2 class=\"elementor-heading-title elementor-size-default\">Politic\u0103 <br> \nconfiden\u021be<\/h2>\t\t\t\t<\/div>\n\t\t\t\t<\/div>\n\t\t\t\t<div class=\"elementor-element elementor-element-875e667 elementor-widget elementor-widget-text-editor\" data-id=\"875e667\" data-element_type=\"widget\" data-e-type=\"widget\" data-widget_type=\"text-editor.default\">\n\t\t\t\t<div class=\"elementor-widget-container\">\n\t\t\t\t\t\t\t\t\t<p><strong>1. despre noi<\/strong><\/p><p><a href=\"https:\/\/missioneurasiafield.org\/ro\/\"><span style=\"text-decoration: underline;\"><span style=\"color: #3366ff; text-decoration: underline;\">https:\/\/missioneurasiafield.org\/<\/span><\/span><\/a> prezentat\u0103 de Asocia\u021bia Ob\u0219teasc\u0103 \"MISSION EURASIA\"<\/p><p>adresa juridic\u0103: Vasile Stroescu str. 22, Chi\u0219in\u0103u, Republica Moldova, MD-2051<\/p><p>E-mail:\u00a0<span style=\"text-decoration: underline;\"><span style=\"color: #3366ff; text-decoration: underline;\"><a style=\"color: #3366ff; text-decoration: underline;\" href=\"mailto:victoriabusuncean02@gmail.com\">victoriabusuncean02@gmail.com<\/a>\u00a0<\/span><\/span><\/p><p>Tel: (+373)69114077<\/p><p>Cod fiscal: 1022620003336<\/p><p>IBAN: MD15VI0225120000000000042MDL<\/p><p>Numele b\u0103ncii: BC VICTORIABANK S.A.\u00a0\u00a0\u00a0\u00a0\u00a0\u00a0\u00a0\u00a0<\/p><p>Cod bancar: BIC VCBMD2X<\/p><p><strong>2. Ce date prelucr\u0103m despre dumneavoastr\u0103<\/strong><\/p><p>Atunci c\u00e2nd vizita\u021bi site-ul nostru, prelucr\u0103m urm\u0103toarele date privind utilizarea site-ului de c\u0103tre dvs.<\/p><p>Colect\u0103m \u0219i prelucr\u0103m diferite categorii de date cu caracter personal de la dvs. \u00een calitate de utilizator al site-ului <span style=\"text-decoration: underline;\"><span style=\"color: #3366ff; text-decoration: underline;\">https:\/\/missioneurasiafield.org\/<\/span><\/span><a href=\"https:\/\/worshiplife.md\/\">\u00a0<\/a>\u00a0\u00een conformitate cu legisla\u021bia Republicii Moldova privind protec\u021bia datelor cu caracter personal, care ne transform\u0103 \u00een controlori ai acestor date. Protec\u021bia datelor dumneavoastr\u0103 cu caracter personal este foarte important\u0103 pentru noi. Prezenta Not\u0103 de informare privind prelucrarea datelor cu caracter personal descrie practicile noastre cu privire la colectarea \u0219i utilizarea datelor dumneavoastr\u0103 cu caracter personal ca urmare a interac\u021biunii dumneavoastr\u0103 cu site-ul nostru.<\/p><ul><li>Utilizarea site-ului web<\/li><\/ul><p><br \/>Site-ul web colecteaz\u0103 automat anumite informa\u021bii \u0219i le stocheaz\u0103 \u00een fi\u0219iere jurnal. Aceste informa\u021bii includ adresa Internet Protocol (IP), loca\u021bia general\u0103 a computerului sau a dispozitivului dvs. (la nivel de ora\u0219), tipul de browser, sistemul de operare, timpul de acces, link-ul c\u0103tre pagina accesat\u0103, istoricul de navigare pe site-ul nostru, informa\u021bii despre dispozitiv, programe vizualizate, ID-ul dispozitivului (notific\u0103ri \u0219i identificare), marca temporal\u0103, cerere\/ac\u021biune. Utiliz\u0103m aceste informa\u021bii pentru a ne dezvolta site-ul \u0219i aplica\u021bia pentru a r\u0103spunde mai bine nevoilor utilizatorilor no\u0219tri. De asemenea, putem utiliza adresa dvs. de IP pentru a diagnostica problemele cu serverele noastre \u0219i pentru a administra site-ul nostru, pentru a analiza tendin\u021bele, pentru a urm\u0103ri mi\u0219c\u0103rile vizitatorilor \u0219i pentru a colecta informa\u021bii demografice generale care s\u0103 ne ajute s\u0103 determin\u0103m preferin\u021bele vizitatorilor. Temeiul pentru aceast\u0103 prelucrare este interesul nostru legitim de a monitoriza activitatea site-ului \u0219i de a asigura securitatea site-ului. Datele sunt p\u0103strate timp de un an de la data vizitei.<\/p>\t\t\t\t\t\t\t\t<\/div>\n\t\t\t\t<\/div>\n\t\t\t\t<\/div>\n\t\t\t\t\t<\/div>\n\t\t\t\t<\/div>\n\t\t\t\t<\/div>","protected":false},"excerpt":{"rendered":"<p>\u041f\u043e\u043b\u0438\u0442\u0438\u043a\u0430 \u043a\u043e\u043d\u0444\u0438\u0434\u0435\u043d\u0446\u0438\u0430\u043b\u044c\u043d\u043e\u0441\u0442\u0438 1. \u041e \u043d\u0430\u0441 https:\/\/missioneurasiafield.org\/ \u043f\u0440\u0435\u0434\u0441\u0442\u0430\u0432\u043b\u0435\u043d \u041e\u0431\u0449\u0435\u0441\u0442\u0432\u0435\u043d\u043d\u044b\u043c \u041e\u0431\u044a\u0435\u0434\u0438\u043d\u0435\u043d\u0438\u0435\u043c \u201c\u041c\u0418\u0421\u0421\u0418\u042f \u0415\u0412\u0420\u0410\u0417\u0418\u042f\u201d \u044e\u0440\u0438\u0434\u0438\u0447\u0435\u0441\u043a\u0438\u0439 \u0430\u0434\u0440\u0435\u0441: \u0443\u043b. \u0412\u0430\u0441\u0438\u043b\u0435 \u0421\u0442\u0440\u043e\u0435\u0441\u043a\u0443 22, \u0433. \u041a\u0438\u0448\u0438\u043d\u0451\u0432, \u0420\u0435\u0441\u043f\u0443\u0431\u043b\u0438\u043a\u0430 \u041c\u043e\u043b\u0434\u043e\u0432\u0430, MD-2051 E-mail:\u00a0victoriabusuncean02@gmail.com\u00a0 \u0422\u0435\u043b: (+373)69114077 \u0424\u0438\u0441\u043a\u0430\u043b\u044c\u043d\u044b\u0439 \u043a\u043e\u0434: 1022620003336 \u0418\u0411\u0410\u041d: MD15VI022512000000042MDL \u041d\u0430\u0437\u0432\u0430\u043d\u0438\u0435 \u0431\u0430\u043d\u043a\u0430: BC VICTORIABANK S.A.\u00a0\u00a0\u00a0\u00a0\u00a0\u00a0\u00a0\u00a0 \u041a\u043e\u0434 \u0431\u0430\u043d\u043a\u0430: BIC VCBMD2X 2. \u041a\u0430\u043a\u0438\u0435 \u0434\u0430\u043d\u043d\u044b\u0435 \u043e \u0432\u0430\u0441 \u043c\u044b \u043e\u0431\u0440\u0430\u0431\u0430\u0442\u044b\u0432\u0430\u0435\u043c \u041a\u043e\u0433\u0434\u0430 \u0432\u044b \u043f\u043e\u0441\u0435\u0449\u0430\u0435\u0442\u0435 \u043d\u0430\u0448 \u0441\u0430\u0439\u0442, \u043c\u044b \u043e\u0431\u0440\u0430\u0431\u0430\u0442\u044b\u0432\u0430\u0435\u043c \u0441\u043b\u0435\u0434\u0443\u044e\u0449\u0438\u0435 \u0434\u0430\u043d\u043d\u044b\u0435 [&hellip;]<\/p>\n","protected":false},"author":1,"featured_media":0,"parent":0,"menu_order":0,"comment_status":"closed","ping_status":"closed","template":"","meta":{"_acf_changed":false,"footnotes":""},"class_list":["post-1458","page","type-page","status-publish","hentry"],"acf":[],"_links":{"self":[{"href":"https:\/\/missioneurasiafield.org\/ro\/wp-json\/wp\/v2\/pages\/1458","targetHints":{"allow":["GET"]}}],"collection":[{"href":"https:\/\/missioneurasiafield.org\/ro\/wp-json\/wp\/v2\/pages"}],"about":[{"href":"https:\/\/missioneurasiafield.org\/ro\/wp-json\/wp\/v2\/types\/page"}],"author":[{"embeddable":true,"href":"https:\/\/missioneurasiafield.org\/ro\/wp-json\/wp\/v2\/users\/1"}],"replies":[{"embeddable":true,"href":"https:\/\/missioneurasiafield.org\/ro\/wp-json\/wp\/v2\/comments?post=1458"}],"version-history":[{"count":10,"href":"https:\/\/missioneurasiafield.org\/ro\/wp-json\/wp\/v2\/pages\/1458\/revisions"}],"predecessor-version":[{"id":1469,"href":"https:\/\/missioneurasiafield.org\/ro\/wp-json\/wp\/v2\/pages\/1458\/revisions\/1469"}],"wp:attachment":[{"href":"https:\/\/missioneurasiafield.org\/ro\/wp-json\/wp\/v2\/media?parent=1458"}],"curies":[{"name":"wp","href":"https:\/\/api.w.org\/{rel}","templated":true}]}}