{"id":1449,"date":"2024-10-11T11:51:27","date_gmt":"2024-10-11T11:51:27","guid":{"rendered":"https:\/\/missioneurasiafield.org\/?page_id=1449"},"modified":"2024-10-11T12:09:13","modified_gmt":"2024-10-11T12:09:13","slug":"terms-and-conditios","status":"publish","type":"page","link":"https:\/\/missioneurasiafield.org\/ro\/terms-and-conditios\/","title":{"rendered":"Termeni \u0219i condi\u021bii"},"content":{"rendered":"<div data-elementor-type=\"wp-page\" data-elementor-id=\"1449\" class=\"elementor elementor-1449\" data-elementor-post-type=\"page\">\n\t\t\t\t<div class=\"elementor-element elementor-element-bc660c7 e-flex e-con-boxed e-con e-parent\" data-id=\"bc660c7\" data-element_type=\"container\" data-e-type=\"container\" data-settings=\"{&quot;background_background&quot;:&quot;classic&quot;}\">\n\t\t\t\t\t<div class=\"e-con-inner\">\n\t\t<div class=\"elementor-element elementor-element-d3be78a e-con-full e-flex e-con e-child\" data-id=\"d3be78a\" data-element_type=\"container\" data-e-type=\"container\">\n\t\t\t\t<div class=\"elementor-element elementor-element-9c5a333 elementor-widget elementor-widget-heading\" data-id=\"9c5a333\" data-element_type=\"widget\" data-e-type=\"widget\" data-widget_type=\"heading.default\">\n\t\t\t\t<div class=\"elementor-widget-container\">\n\t\t\t\t\t<h2 class=\"elementor-heading-title elementor-size-default\">Termeni \u0219i condi\u021bii<\/h2>\t\t\t\t<\/div>\n\t\t\t\t<\/div>\n\t\t\t\t<div class=\"elementor-element elementor-element-0bc2a03 elementor-widget elementor-widget-text-editor\" data-id=\"0bc2a03\" data-element_type=\"widget\" data-e-type=\"widget\" data-widget_type=\"text-editor.default\">\n\t\t\t\t<div class=\"elementor-widget-container\">\n\t\t\t\t\t\t\t\t\t<p><strong>1.Concepte generale:\u00a0<\/strong><\/p><p>PRESTATORUL, reprezentat de MISSION EURASIA JSC, gestioneaz\u0103 activit\u0103\u021bile site-ului<span style=\"text-decoration: underline;\"><span style=\"color: #3366ff; text-decoration: underline;\">\u00a0<a style=\"color: #3366ff; text-decoration: underline;\" href=\"https:\/\/missioneurasiafield.org\/ro\/\">https:\/\/missioneurasiafield.org<\/a>\/<\/span><\/span>. Prin intermediul site-ului <a href=\"https:\/\/missioneurasiafield.org\/ro\/\"><span style=\"text-decoration: underline;\"><span style=\"color: #3366ff; text-decoration: underline;\">https:\/\/missioneurasiafield.org\/<\/span><\/span><\/a><a href=\"https:\/\/missioneurasiafield\/\">,<\/a> Asocia\u021bia MISSION EURASIA, organizeaz\u0103 conferin\u021be, scrie c\u0103r\u021bi \u0219i manuale, organizeaz\u0103 cursuri.  UTILIZATOR - persoana fizic\u0103 sau juridic\u0103 care achizi\u021bioneaz\u0103 serviciile de mai sus. Utilizatorul, dup\u0103 ce a ales serviciul dorit, completeaz\u0103 formularul, consim\u021bind astfel s\u0103 furnizeze furnizorului datele \u0219i informa\u021biile sale personale de contact. Accesul utilizatorului la site \u0219i furnizarea datelor personale \u0219i a informa\u021biilor de contact \u00eenseamn\u0103 c\u0103 acesta consimte s\u0103 primeasc\u0103 apeluri privind comunicarea detaliilor cursului \u0219i furnizarea serviciilor oferite de PRESTATOR. De asemenea, este posibil s\u0103 primi\u021bi e-mailuri informative cu privire la serviciile care urmeaz\u0103 s\u0103 fie oferite \u00een viitorul apropiat.\u00a0<\/p><p><strong>2.Modalit\u0103\u021bi de plat\u0103:\u00a0<\/strong><\/p><p>2.1 Pre\u021burile pentru servicii vor fi \u00een conformitate cu pre\u021burile publicate pe site-ul web <a href=\"https:\/\/missioneurasiafield.org\/ro\/\"><span style=\"text-decoration: underline;\"><span style=\"color: #3366ff; text-decoration: underline;\">https:\/\/missioneurasiafield.org\/<\/span><\/span><\/a><a href=\"https:\/\/worshiplife.md\/\">,<\/a>\u00a0precum \u0219i pe re\u021belele de socializare\u00a0<span style=\"text-decoration: underline;\"><span style=\"color: #3366ff;\"><a style=\"color: #3366ff; text-decoration: underline;\" href=\"https:\/\/www.facebook.com\/missioneurasiaFM\">instagram<\/a><\/span><\/span> \u0219i <span style=\"text-decoration: underline;\"><span style=\"color: #3366ff;\"><a style=\"color: #3366ff; text-decoration: underline;\" href=\"https:\/\/www.instagram.com\/ministrywithoutwalls.md\/\">facebook<\/a><\/span><\/span>\u00a0precum \u0219i \u00een motoarele de c\u0103utare.\u00a0<\/p><p>2.2 Utilizatorul pl\u0103te\u0219te serviciul cu cardul, face clic pe butonul \"Pl\u0103te\u0219te acum\" \u0219i apoi completeaz\u0103 formularul cu informa\u021biile solicitate, cum ar fi:Numele clientului;Numele de familie al clientului;Num\u0103rul de telefon al clientului;Tipul cardului;Numele clientului pe card;Adresa de e-mail a clientului;Valoarea tranzac\u021biei;Informa\u021bii privind livrarea; Plata se face prin Visa sau Mastercard, prin intermediul contului Paynet, direct pe site, F\u0102R\u0102 comisioane suplimentare de plat\u0103. Website <a href=\"https:\/\/missioneurasiafield.org\/ro\/\"><span style=\"text-decoration: underline;\"><span style=\"color: #3366ff; text-decoration: underline;\">https:\/\/missioneurasiafield.org\/<\/span><\/span><\/a>\u00a0este securizat \u0219i nu stocheaz\u0103 datele contului sau ale cardului utilizate \u00een cadrul unei tranzac\u021bii online efectuate de UTILIZATOR.\u00a0<\/p><p><strong>3.Birou de asisten\u021b\u0103\u00a0<\/strong><\/p><p>MISSION EURASIA JSC ofer\u0103 clien\u021bilor s\u0103i un serviciu de asisten\u021b\u0103 la num\u0103rul de telefon +37369114077. Zilele de lucru ale serviciului de asisten\u021b\u0103 sunt de luni p\u00e2n\u0103 vineri, cu program de lucru de la 10:00 la 17:00. Serviciul de asisten\u021b\u0103 consiliaz\u0103 clien\u021bii cu privire la serviciile oferite, metodele de plat\u0103 \u0219i revocarea opera\u021biunilor de plat\u0103. Serviciul de asisten\u021b\u0103 este obligat s\u0103 accepte reclama\u021biile clien\u021bilor, s\u0103 \u00eei informeze cu privire la stadiul procesului de reclama\u021bie \u0219i, dac\u0103 este necesar, s\u0103 efectueze investiga\u021bii.\u00a0<\/p><p><strong>4. Dispozi\u021bii finale \u0219i judiciare\u00a0<\/strong><\/p><p>Eventualele litigii rezultate din utilizarea acestui serviciu vor fi solu\u021bionate pe cale amiabil\u0103. \u00cen cazul litigiilor ap\u0103rute \u00een urma achizi\u021bion\u0103rii, pl\u0103\u021bii sau livr\u0103rii produselor achizi\u021bionate de la MISSION EURASIA\" S.A. \u0219i care nu fac obiectul niciunei clauze din prezentul act, acestea vor fi solu\u021bionate pe cale amiabil\u0103 \u00een termen de 30 de zile lucr\u0103toare de la data notific\u0103rii \u00een scris a problemei. \u00cen cazul \u00een care litigiul nu poate fi solu\u021bionat pe cale amiabil\u0103, sunt competente instan\u021bele judec\u0103tore\u0219ti din Republica Moldova. Prin acceptarea acestor termeni \u0219i condi\u021bii, clientul \u00ee\u0219i asum\u0103 toate riscurile.<\/p>\t\t\t\t\t\t\t\t<\/div>\n\t\t\t\t<\/div>\n\t\t\t\t<\/div>\n\t\t\t\t\t<\/div>\n\t\t\t\t<\/div>\n\t\t\t\t<\/div>","protected":false},"excerpt":{"rendered":"<p>\u0423\u0441\u043b\u043e\u0432\u0438\u044f \u0438 \u043f\u043e\u043b\u043e\u0436\u0435\u043d\u0438\u044f 1.\u041e\u0431\u0449\u0438\u0435 \u043f\u043e\u043d\u044f\u0442\u0438\u044f:\u00a0 \u041f\u0420\u041e\u0412\u0410\u0419\u0414\u0415\u0420, \u0432 \u043b\u0438\u0446\u0435 \u0410\u041e \u201c\u041c\u0418\u0421\u0421\u0418\u042f \u0415\u0412\u0420\u0410\u0417\u0418\u042f\u201d, \u0443\u043f\u0440\u0430\u0432\u043b\u044f\u0435\u0442 \u0434\u0435\u044f\u0442\u0435\u043b\u044c\u043d\u043e\u0441\u0442\u044c\u044e \u0441\u0430\u0439\u0442\u0430\u00a0https:\/\/missioneurasiafield.org\/. \u0427\u0435\u0440\u0435\u0437 \u0441\u0430\u0439\u0442 https:\/\/missioneurasiafield.org\/, \u0430\u0441\u0441\u043e\u0446\u0438\u0430\u0446\u0438\u044f \u0410\u041e \u201c\u041c\u0418\u0421\u0421\u0418\u042f \u0415\u0412\u0420\u0410\u0417\u0418\u042f\u201d, \u043f\u0440\u043e\u0432\u043e\u0434\u0438\u0442 \u043a\u043e\u043d\u0444\u0435\u0440\u0435\u043d\u0446\u0438\u0438, \u043f\u0438\u0448\u0435\u0442 \u043a\u043d\u0438\u0433\u0438 \u0438 \u043f\u043e\u0441\u043e\u0431\u0438\u044f, \u043f\u0440\u043e\u0432\u043e\u0434\u0438\u0442 \u043a\u0443\u0440\u0441\u044b. \u00a0\u041f\u041e\u041b\u042c\u0417\u041e\u0412\u0410\u0422\u0415\u041b\u042c \u2013 \u0444\u0438\u0437\u0438\u0447\u0435\u0441\u043a\u043e\u0435 \u0438\u043b\u0438 \u044e\u0440\u0438\u0434\u0438\u0447\u0435\u0441\u043a\u043e\u0435 \u043b\u0438\u0446\u043e, \u043a\u043e\u0442\u043e\u0440\u043e\u0435 \u043f\u0440\u0438\u043e\u0431\u0440\u0435\u0442\u0430\u0435\u0442 \u0432\u044b\u0448\u0435\u0443\u043a\u0430\u0437\u0430\u043d\u043d\u044b\u0435 \u0443\u0441\u043b\u0443\u0433\u0438. \u041f\u043e\u043b\u044c\u0437\u043e\u0432\u0430\u0442\u0435\u043b\u044c, \u0432\u044b\u0431\u0440\u0430\u0432 \u0436\u0435\u043b\u0430\u0435\u043c\u0443\u044e \u0443\u0441\u043b\u0443\u0433\u0443, \u0437\u0430\u043f\u043e\u043b\u043d\u044f\u0435\u0442 \u0444\u043e\u0440\u043c\u0443, \u0442\u0435\u043c \u0441\u0430\u043c\u044b\u043c \u0434\u0430\u0451\u0442 \u0441\u043e\u0433\u043b\u0430\u0441\u0438\u0435 \u043d\u0430 \u043f\u0440\u0435\u0434\u043e\u0441\u0442\u0430\u0432\u043b\u0435\u043d\u0438\u0435 \u043f\u043e\u0441\u0442\u0430\u0432\u0449\u0438\u043a\u0443 \u0441\u0432\u043e\u0438\u0445 \u043f\u0435\u0440\u0441\u043e\u043d\u0430\u043b\u044c\u043d\u044b\u0445 \u043a\u043e\u043d\u0442\u0430\u043a\u0442\u043d\u044b\u0445 [&hellip;]<\/p>\n","protected":false},"author":1,"featured_media":0,"parent":0,"menu_order":0,"comment_status":"closed","ping_status":"closed","template":"","meta":{"_acf_changed":false,"footnotes":""},"class_list":["post-1449","page","type-page","status-publish","hentry"],"acf":[],"_links":{"self":[{"href":"https:\/\/missioneurasiafield.org\/ro\/wp-json\/wp\/v2\/pages\/1449","targetHints":{"allow":["GET"]}}],"collection":[{"href":"https:\/\/missioneurasiafield.org\/ro\/wp-json\/wp\/v2\/pages"}],"about":[{"href":"https:\/\/missioneurasiafield.org\/ro\/wp-json\/wp\/v2\/types\/page"}],"author":[{"embeddable":true,"href":"https:\/\/missioneurasiafield.org\/ro\/wp-json\/wp\/v2\/users\/1"}],"replies":[{"embeddable":true,"href":"https:\/\/missioneurasiafield.org\/ro\/wp-json\/wp\/v2\/comments?post=1449"}],"version-history":[{"count":7,"href":"https:\/\/missioneurasiafield.org\/ro\/wp-json\/wp\/v2\/pages\/1449\/revisions"}],"predecessor-version":[{"id":1472,"href":"https:\/\/missioneurasiafield.org\/ro\/wp-json\/wp\/v2\/pages\/1449\/revisions\/1472"}],"wp:attachment":[{"href":"https:\/\/missioneurasiafield.org\/ro\/wp-json\/wp\/v2\/media?parent=1449"}],"curies":[{"name":"wp","href":"https:\/\/api.w.org\/{rel}","templated":true}]}}